{"id":994,"date":"2017-09-07T12:57:39","date_gmt":"2017-09-07T12:57:39","guid":{"rendered":"http:\/\/eli-kids.de\/?page_id=994"},"modified":"2017-09-07T13:21:03","modified_gmt":"2017-09-07T13:21:03","slug":"impressum","status":"publish","type":"page","link":"https:\/\/eli-kids.de\/?page_id=994","title":{"rendered":""},"content":{"rendered":"<header class=\"entry-header\">\n<h1>Impressum<\/h1>\n<\/header>\n<p>&nbsp;<\/p>\n<p>&nbsp;<\/p>\n<header class=\"entry-header\">\n<h1 class=\"entry-title\">Angaben gem\u00e4\u00df \u00a7 5 TMG<\/h1>\n<\/header>\n<div class=\"entry-content\">\n<p>Christoph Siegel<br \/>\nDie Schreiner<br \/>\nFichtenstra\u00dfe 14<br \/>\n56584 Anhausen<\/p>\n<h2>Kontakt<\/h2>\n<p>Telefon: 02639-960410<br \/>\nTelefax: 02639-960411<br \/>\nE-Mail:\u00a0<a href=\"mailto:info@die-schreiner.info\">info@die-schreiner.info<\/a><br \/>\nInternetadresse:\u00a0<a href=\"http:\/\/www.die-schreiner.info\/\" target=\"_blank\" rel=\"noopener\">www.die-schreiner.info<\/a><\/p>\n<h2>Umsatzsteuer-ID<\/h2>\n<p>Umsatzsteuer-Identifikationsnummer gem\u00e4\u00df \u00a727 a Umsatzsteuergesetz<br \/>\nDE206666892<\/p>\n<h2>Aufsichtsbeh\u00f6rde<\/h2>\n<p>Handwerkskammer Koblenz<\/p>\n<h2>Verantwortlich f\u00fcr den Inhalt nach \u00a7 55 Abs. 2 RStV<\/h2>\n<p>Christoph Siegel<br \/>\nFichtenstra\u00dfe 14<br \/>\n56584 Anhausen<\/p>\n<h2>Quellenangaben f\u00fcr die teilweise verwendete Bilder und Grafiken<\/h2>\n<p><a title=\"Br\u00fcchert und K\u00e4rner\" href=\"http:\/\/www.schoene-tueren.com\/\" target=\"_blank\" rel=\"noopener\">http:\/\/www.schoene-tueren.com<br \/>\n<\/a><a title=\"Unilux\" href=\"http:\/\/www.unilux.de\/\" target=\"_blank\" rel=\"noopener\">http:\/\/www.unilux.de\/<br \/>\n<\/a><a title=\"Raumplus\" href=\"http:\/\/www.raumplus.de\/\" target=\"_blank\" rel=\"noopener\">http:\/\/www.raumplus.de<\/a><\/p>\n<h1>Verbraucherschlichtung<\/h1>\n<p>Die Europ\u00e4ische Kommission hat eine Internetplattform zur Online-Beilegung von Streitigkeiten eingerichtet. Die Plattform dient als Anlaufstelle zur au\u00dfergerichtlichen Beilegung von Streitigkeiten \u00fcber vertragliche Verpflichtungen aus Kauf- und Dienstleistungsvertr\u00e4gen, die online geschlossen wurden. Sie k\u00f6nnen die Plattform unter dem folgenden Link erreichen:\u00a0<a href=\"http:\/\/ec.europa.eu\/consumers\/odr\">http:\/\/ec.europa.eu\/consumers\/odr<\/a><\/p>\n<p>Die Schreiner-Christoph Siegel\u00a0beteiligt sich nicht an Verbraucherschlichtungsverfahren nach dem Verbraucherstreitbeilegungsgesetz. Streitigkeiten \u00fcber den geschlossenen Vertrag und dessen Ausf\u00fchrung k\u00f6nnen vor der Vermittlungsstelle Handwerkskammer Koblenz verhandelt werden.<\/p>\n<p>Dieter Ehrmann\/Assessor jur.<br \/>\nRizzastra\u00dfe 24-26<br \/>\n56068 Koblenz<br \/>\n0261 398-202<br \/>\nrecht@hwk-koblenz.de<\/p>\n<h1>Haftungsausschluss<\/h1>\n<p>Haftung f\u00fcr Inhalte<br \/>\nDie Inhalte unserer Seiten wurden mit gr\u00f6\u00dfter Sorgfalt erstellt. F\u00fcr die Richtigkeit, Vollst\u00e4ndigkeit und Aktualit\u00e4t der Inhalte k\u00f6nnen wir jedoch keine Gew\u00e4hr \u00fcbernehmen. Als Diensteanbieter sind wir gem\u00e4\u00df \u00a7 7 Abs.1 TMG f\u00fcr eigene Inhalte auf diesen Seiten nach den allgemeinen Gesetzen verantwortlich. Nach \u00a7\u00a7 8 bis 10 TMG sind wir als Diensteanbieter jedoch nicht verpflichtet, \u00fcbermittelte oder gespeicherte fremde Informationen zu \u00fcberwachen oder nach Umst\u00e4nden zu forschen, die auf eine rechtswidrige T\u00e4tigkeit hinweisen. Verpflichtungen zur Entfernung oder Sperrung der Nutzung von Informationen nach den allgemeinen Gesetzen bleiben hiervon unber\u00fchrt. Eine diesbez\u00fcgliche Haftung ist jedoch erst ab dem Zeitpunkt der Kenntnis einer konkreten Rechtsverletzung m\u00f6glich. Bei Bekanntwerden von entsprechenden Rechtsverletzungen werden wir diese Inhalte umgehend entfernen.<\/p>\n<p>Haftung f\u00fcr Links<br \/>\nUnser Angebot enth\u00e4lt Links zu externen Webseiten Dritter, auf deren Inhalte wir keinen Einfluss haben. Deshalb k\u00f6nnen wir f\u00fcr diese fremden Inhalte auch keine Gew\u00e4hr \u00fcbernehmen. F\u00fcr die Inhalte der verlinkten Seiten ist stets der jeweilige Anbieter oder Betreiber der Seiten verantwortlich. Die verlinkten Seiten wurden zum Zeitpunkt der Verlinkung auf m\u00f6gliche Rechtsverst\u00f6\u00dfe \u00fcberpr\u00fcft. Rechtswidrige Inhalte waren zum Zeitpunkt der Verlinkung nicht erkennbar. Eine permanente inhaltliche Kontrolle der verlinkten Seiten ist jedoch ohne konkrete Anhaltspunkte einer Rechtsverletzung nicht zumutbar. Bei Bekanntwerden von Rechtsverletzungen werden wir derartige Links umgehend entfernen.<\/p>\n<p>Urheberrecht<br \/>\nDie durch die Seitenbetreiber erstellten bzw. verwendeten Inhalte und Werke auf diesen Seiten unterliegen dem deutschen Urheberrecht. Die Vervielf\u00e4ltigung, Bearbeitung, Verbreitung und jede Art der Verwertung au\u00dferhalb der Grenzen des Urheberrechtes bed\u00fcrfen der Zustimmung des jeweiligen Autors bzw. Erstellers. Downloads und Kopien dieser Seite sind nur f\u00fcr den privaten, nicht kommerziellen Gebrauch gestattet. Soweit die Inhalte auf dieser Seite nicht vom Betreiber erstellt wurden, werden die Urheberrechte Dritter beachtet. Insbesondere werden Inhalte Dritter als solche gekennzeichnet. Sollten Sie trotzdem auf eine Urheberrechtsverletzung aufmerksam werden, bitten wir um einen entsprechenden Hinweis. Bei Bekanntwerden von Rechtsverletzungen werden wir derartige Inhalte umgehend entfernen.<\/p>\n<p>Google Analyics<\/p>\n<p>Diese Website benutzt Google Analytics, einen Webanalysedienst der Google Inc. (\u201eGoogle\u201c). Google Analytics verwendet sog. \u201eCookies\u201c, Textdateien, die auf Ihrem Computer gespeichert werden und die eine Analyse der Benutzung der Website durch Sie erm\u00f6glichen. Die durch das Cookie erzeugten Informationen \u00fcber Ihre Benutzung dieser Website werden in der Regel an einen Server von Google in den USA \u00fcbertragen und dort gespeichert. Im Falle der Aktivierung der IP-Anonymisierung auf dieser Website, wird Ihre IP-Adresse von Google jedoch innerhalb von Mitgliedstaaten der Europ\u00e4ischen Union oder in anderen Vertragsstaaten des Abkommens \u00fcber den Europ\u00e4ischen Wirtschaftsraum zuvor gek\u00fcrzt. Nur in Ausnahmef\u00e4llen wird die volle IP-Adresse an einen Server von Google in den USA \u00fcbertragen und dort gek\u00fcrzt. Im Auftrag des Betreibers dieser Website wird Google diese Informationen benutzen, um Ihre Nutzung der Website auszuwerten, um Reports \u00fcber die Websiteaktivit\u00e4ten zusammenzustellen und um weitere mit der Websitenutzung und der Internetnutzung verbundene Dienstleistungen gegen\u00fcber dem Websitebetreiber zu erbringen. Die im Rahmen von Google Analytics von Ihrem Browser \u00fcbermittelte IP-Adresse wird nicht mit anderen Daten von Google zusammengef\u00fchrt. Sie k\u00f6nnen die Speicherung der Cookies durch eine entsprechende Einstellung Ihrer Browser-Software verhindern; wir weisen Sie jedoch darauf hin, dass Sie in diesem Fall gegebenenfalls nicht s\u00e4mtliche Funktionen dieser Website vollumf\u00e4nglich werden nutzen k\u00f6nnen. Sie k\u00f6nnen dar\u00fcber hinaus die Erfassung der durch das Cookie erzeugten und auf Ihre Nutzung der Website bezogenen Daten (inkl. Ihrer IP-Adresse) an Google sowie die Verarbeitung dieser Daten durch Google verhindern, indem Sie das unter dem folgenden Link (<a href=\"http:\/\/tools.google.com\/dlpage\/gaoptout?hl=de\" target=\"_blank\" rel=\"noopener\">http:\/\/tools.google.com\/dlpage\/gaoptout?hl=de<\/a>) verf\u00fcgbare Browser-Plugin herunterladen und installieren.<\/p>\n<p>Sie k\u00f6nnen die Erfassung durch Google Analytics verhindern, indem Sie auf folgenden Link klicken. Es wird ein Opt-Out-Cookie gesetzt, das die zuk\u00fcnftige Erfassung Ihrer Daten beim Besuch dieser Website verhindert:<br \/>\n<strong>&lt;a href=\u201cjavascript:gaOptout()\u201c&gt;<\/strong><a>Google Analytics deaktivieren<\/a><strong>&lt;\/a&gt;<\/strong><\/p>\n<p>N\u00e4here Informationen zu Nutzungsbedingungen und Datenschutz finden Sie unter\u00a0<a href=\"http:\/\/www.google.com\/analytics\/terms\/de.html\" target=\"_blank\" rel=\"noopener\">http:\/\/www.google.com\/analytics\/terms\/de.html<\/a>\u00a0bzw. unter\u00a0<a href=\"https:\/\/www.google.de\/intl\/de\/policies\/\" target=\"_blank\" rel=\"noopener\">https:\/\/www.google.de\/intl\/de\/policies\/<\/a>. Wir weisen Sie darauf hin, dass auf dieser Website Google Analytics um den Code \u201eanonymizeIp\u201c erweitert wurde, um eine anonymisierte Erfassung von IP-Adressen (sog. IP-Masking) zu gew\u00e4hrleisten.<\/p>\n<p><i>Unterst\u00fctzt durch:\u00a0<\/i><a href=\"http:\/\/www.estecasa.de\/\" target=\"_blank\" rel=\"noopener\">http:\/\/www.estecasa.de\/<\/a><\/p>\n<\/div>\n","protected":false},"excerpt":{"rendered":"<p>Impressum &nbsp; &nbsp; Angaben gem\u00e4\u00df \u00a7 5 TMG Christoph Siegel Die Schreiner Fichtenstra\u00dfe 14 56584 Anhausen Kontakt Telefon: 02639-960410 Telefax: 02639-960411 E-Mail:\u00a0info@die-schreiner.info [&hellip;]<\/p>\n","protected":false},"author":1,"featured_media":0,"parent":141,"menu_order":0,"comment_status":"closed","ping_status":"open","template":"","meta":{"_exactmetrics_skip_tracking":false,"_exactmetrics_sitenote_active":false,"_exactmetrics_sitenote_note":"","_exactmetrics_sitenote_category":0},"_links":{"self":[{"href":"https:\/\/eli-kids.de\/index.php?rest_route=\/wp\/v2\/pages\/994"}],"collection":[{"href":"https:\/\/eli-kids.de\/index.php?rest_route=\/wp\/v2\/pages"}],"about":[{"href":"https:\/\/eli-kids.de\/index.php?rest_route=\/wp\/v2\/types\/page"}],"author":[{"embeddable":true,"href":"https:\/\/eli-kids.de\/index.php?rest_route=\/wp\/v2\/users\/1"}],"replies":[{"embeddable":true,"href":"https:\/\/eli-kids.de\/index.php?rest_route=%2Fwp%2Fv2%2Fcomments&post=994"}],"version-history":[{"count":4,"href":"https:\/\/eli-kids.de\/index.php?rest_route=\/wp\/v2\/pages\/994\/revisions"}],"predecessor-version":[{"id":1002,"href":"https:\/\/eli-kids.de\/index.php?rest_route=\/wp\/v2\/pages\/994\/revisions\/1002"}],"up":[{"embeddable":true,"href":"https:\/\/eli-kids.de\/index.php?rest_route=\/wp\/v2\/pages\/141"}],"wp:attachment":[{"href":"https:\/\/eli-kids.de\/index.php?rest_route=%2Fwp%2Fv2%2Fmedia&parent=994"}],"curies":[{"name":"wp","href":"https:\/\/api.w.org\/{rel}","templated":true}]}}